{"id":541,"date":"2025-09-30T00:23:14","date_gmt":"2025-09-29T22:23:14","guid":{"rendered":"https:\/\/abensac.es\/?page_id=541"},"modified":"2025-09-30T00:25:14","modified_gmt":"2025-09-29T22:25:14","slug":"politica-de-cookies","status":"publish","type":"page","link":"https:\/\/abensac.es\/en\/politica-de-cookies\/","title":{"rendered":"Cookie Policy"},"content":{"rendered":"<div data-elementor-type=\"wp-page\" data-elementor-id=\"541\" class=\"elementor elementor-541\" data-elementor-post-type=\"page\">\n\t\t\t\t\t\t<section class=\"elementor-section elementor-top-section elementor-element elementor-element-c7251f3 elementor-section-full_width elementor-section-height-default elementor-section-height-default\" data-id=\"c7251f3\" data-element_type=\"section\" data-settings=\"{&quot;background_background&quot;:&quot;classic&quot;}\">\n\t\t\t\t\t\t<div class=\"elementor-container elementor-column-gap-default\">\n\t\t\t\t\t<div class=\"elementor-column elementor-col-50 elementor-top-column elementor-element elementor-element-4fb99f1\" data-id=\"4fb99f1\" data-element_type=\"column\" data-settings=\"{&quot;background_background&quot;:&quot;classic&quot;}\">\n\t\t\t<div class=\"elementor-widget-wrap elementor-element-populated\">\n\t\t\t\t\t\t<div class=\"elementor-element elementor-element-6f4a2bc elementor-widget elementor-widget-heading\" data-id=\"6f4a2bc\" data-element_type=\"widget\" data-widget_type=\"heading.default\">\n\t\t\t\t\t<h1 class=\"elementor-heading-title elementor-size-default\">Privacy Policy<\/h1>\t\t\t\t<\/div>\n\t\t\t\t\t<\/div>\n\t\t<\/div>\n\t\t\t\t<div class=\"elementor-column elementor-col-50 elementor-top-column elementor-element elementor-element-6a0be49\" data-id=\"6a0be49\" data-element_type=\"column\">\n\t\t\t<div class=\"elementor-widget-wrap elementor-element-populated\">\n\t\t\t\t\t\t<div class=\"elementor-element elementor-element-75c7e6e elementor-widget elementor-widget-image\" data-id=\"75c7e6e\" data-element_type=\"widget\" data-widget_type=\"image.default\">\n\t\t\t\t\t\t\t\t\t\t\t\t\t\t\t<img fetchpriority=\"high\" decoding=\"async\" width=\"800\" height=\"390\" src=\"https:\/\/abensac.es\/wp-content\/uploads\/2025\/09\/blog-banner.jpg\" class=\"attachment-large size-large wp-image-392\" alt=\"\" srcset=\"https:\/\/abensac.es\/wp-content\/uploads\/2025\/09\/blog-banner.jpg 955w, https:\/\/abensac.es\/wp-content\/uploads\/2025\/09\/blog-banner-300x146.jpg 300w, https:\/\/abensac.es\/wp-content\/uploads\/2025\/09\/blog-banner-768x374.jpg 768w\" sizes=\"(max-width: 800px) 100vw, 800px\" \/>\t\t\t\t\t\t\t\t\t\t\t\t\t\t\t<\/div>\n\t\t\t\t\t<\/div>\n\t\t<\/div>\n\t\t\t\t\t<\/div>\n\t\t<\/section>\n\t\t\t\t<section class=\"elementor-section elementor-top-section elementor-element elementor-element-a02d940 elementor-section-boxed elementor-section-height-default elementor-section-height-default\" data-id=\"a02d940\" data-element_type=\"section\">\n\t\t\t\t\t\t<div class=\"elementor-container elementor-column-gap-default\">\n\t\t\t\t\t<div class=\"elementor-column elementor-col-100 elementor-top-column elementor-element elementor-element-913573c\" data-id=\"913573c\" data-element_type=\"column\">\n\t\t\t<div class=\"elementor-widget-wrap elementor-element-populated\">\n\t\t\t\t\t\t<div class=\"elementor-element elementor-element-60b0b6a elementor-widget-tablet__width-initial elementor-widget elementor-widget-text-editor\" data-id=\"60b0b6a\" data-element_type=\"widget\" data-widget_type=\"text-editor.default\">\n\t\t\t\t\t\t\t\t\t<h1>INFORMACI\u00d3N SOBRE <em>COOKIES<\/em><\/h1><p>Conforme con la Ley 34\/2002, de 11 de julio, de servicios de la sociedad de la informaci\u00f3n y de comercio electr\u00f3nico (LSSI), en relaci\u00f3n con el Reglamento (UE) 2016\/679 del Parlamento Europeo y del Consejo, de 27 de abril de 2016, General de Protecci\u00f3n de Datos (GDPR) y la Ley Org\u00e1nica 3\/2018, de 5 de diciembre, de Protecci\u00f3n de Datos y Garant\u00eda de los Derechos Digitales (LOPDGDD), es obligado obtener el consentimiento expreso del usuario de todas las p\u00e1ginas web que usan cookies prescindibles, antes de que este navegue por ellas.<\/p><p>\u00a0<\/p><p>\u00a0<\/p><p><strong>\u00bfQU\u00c9 SON LAS <em>COOKIES<\/em>?<\/strong><\/p><p>Las <em>cookies <\/em>y otras tecnolog\u00edas similares tales como local shared objects, flash <em>cookies <\/em>o p\u00edxeles, son herramientas empleadas por los servidores Web para almacenar y recuperar informaci\u00f3n acerca de sus visitantes, as\u00ed como para ofrecer un correcto funcionamiento del sitio.<\/p><p>Mediante el uso de estos dispositivos se permite al servidor Web recordar algunos datos concernientes al usuario, como sus preferencias para la visualizaci\u00f3n de las p\u00e1ginas de ese servidor, nombre y contrase\u00f1a, productos que m\u00e1s le interesan, etc.<\/p><p>\u00a0<\/p><p>\u00a0<\/p><h1><em>COOKIES <\/em>AFECTADAS POR LA NORMATIVA Y <em>COOKIES <\/em>EXCEPTUADAS<\/h1><p>\u00a0<\/p><p>\u00a0<\/p><p>Seg\u00fan la directiva de la UE, las <em>cookies <\/em>que requieren el consentimiento informado por parte del usuario son las <em>cookies <\/em>de anal\u00edtica y las de publicidad y afiliaci\u00f3n, quedando exceptuadas las de car\u00e1cter t\u00e9cnico y las necesarias para el funcionamiento del sitio web o la prestaci\u00f3n de servicios expresamente solicitados por el usuario.<\/p><p>\u00a0<\/p><p>\u00a0<\/p><h1>TIPOS DE <em>COOKIES <\/em>SEG\u00daN LA FINALIDAD<\/h1><p><strong><em>\u00a0Cookies <\/em>t\u00e9cnicas y funcionales<\/strong>: son aquellas que permiten al usuario la navegaci\u00f3n a trav\u00e9s de una p\u00e1gina web, plataforma o aplicaci\u00f3n y la utilizaci\u00f3n de las diferentes opciones o servicios que en ella existan<em>.<\/em><\/p><p><strong><em>\u00a0Cookies <\/em>anal\u00edticas<\/strong>: son aquellas que permiten al responsable de las mismas el seguimiento y an\u00e1lisis del comportamiento de los usuarios de los sitios web a los que est\u00e1n vinculadas. La informaci\u00f3n recogida mediante este tipo de <em>cookies<\/em> se utiliza en la medici\u00f3n de la actividad de los sitios web, aplicaci\u00f3n o plataforma y para la elaboraci\u00f3n de perfiles de navegaci\u00f3n de los usuarios de dichos sitios, aplicaciones y plataformas, con el fin de introducir mejoras en funci\u00f3n del an\u00e1lisis de los datos de uso que hacen los usuarios del servicio.<\/p><p><strong><em>\u00a0Cookies<\/em><\/strong> <strong>publicitarias:<\/strong> son aquellas que permiten la gesti\u00f3n, de la forma m\u00e1s eficaz posible, de los espacios publicitarios que, en su caso, el editor haya incluido en una p\u00e1gina web, aplicaci\u00f3n o plataforma desde la que presta el servicio solicitado en base a criterios como el contenido editado o la frecuencia en la que se muestran los anuncios.<\/p><p><strong><em>\u00a0Cookies <\/em>de publicidad comportamental<\/strong>: recogen informaci\u00f3n sobre las preferencias y elecciones personales del usuario (<em>retargeting<\/em>) para permitir la gesti\u00f3n, de la forma m\u00e1s eficaz posible, de los espacios publicitarios que, en su caso, el editor haya incluido en una p\u00e1gina web, aplicaci\u00f3n o plataforma desde la que presta el servicio solicitado.<\/p><p><strong><em>\u00a0Cookies <\/em>sociales<\/strong>: son establecidas por las plataformas de redes sociales en los servicios para permitirle compartir contenido con sus amigos y redes. Las plataformas de medios sociales tienen la capacidad de rastrear su actividad en l\u00ednea fuera de los Servicios. Esto puede afectar al contenido y los mensajes que ve en otros servicios que visita.<\/p><p><strong><em>Cookies <\/em>de afiliados<\/strong>: permiten hacer un seguimiento de las visitas procedentes de otras webs, con las que el sitio web establece un contrato de afiliaci\u00f3n (empresas de afiliaci\u00f3n).<\/p><p><strong><em>Cookies <\/em>de seguridad<\/strong>: almacenan informaci\u00f3n cifrada para evitar que los datos guardados en ellas sean vulnerables a ataques maliciosos de terceros.<\/p><h1>SEG\u00daN LA PROPIEDAD<\/h1><p><strong><em>Cookies<\/em> propias<\/strong>: son aquellas que se env\u00edan al equipo terminal del usuario desde un equipo o dominio gestionado por el propio editor y desde el que se presta el servicio solicitado por el usuario. <strong><em>Cookies<\/em><\/strong> <strong>de terceros:<\/strong> son aquellas que se env\u00edan al equipo terminal del usuario desde un equipo o dominio que no es gestionado por el editor, sino por otra entidad que trata los datos obtenidos trav\u00e9s de las cookies.<\/p><h1>SEG\u00daN EL PLAZO DE CONSERVACI\u00d3N<\/h1><p><strong><em>Cookies<\/em> de sesi\u00f3n:<\/strong> son un tipo de <em>cookies<\/em> dise\u00f1adas para recabar y almacenar datos mientras el usuario accede a una p\u00e1gina web.<\/p><p><strong><em>Cookies<\/em> persistentes:<\/strong> son un tipo de cookies en el que los datos siguen almacenados en el terminal y pueden ser accedidos y tratados durante un per\u00edodo definido por el responsable de la <em>cookie<\/em>, y que puede ir de unos minutos a varios a\u00f1os.<\/p><h1><em>COOKIES <\/em>UTILIZADAS EN ESTE SITIO WEB<\/h1><h2>(INDICAR)<\/h2><table width=\"642\"><tbody><tr><td width=\"642\"><p><strong>PANEL DE CONFIGURACI\u00d3N<\/strong><\/p><\/td><\/tr><tr><td width=\"642\"><p><strong>COOKIES DE TERCEROS NO CONTROLADAS POR EL EDITOR (Google, Youtube, Cloudflare, Bizible, etc.)<\/strong><\/p><p>Los servicios de terceros son ajenos al control del editor.<\/p><p>Los proveedores pueden modificar en todo momento sus condiciones de servicio, finalidad y utilizaci\u00f3n de las cookies, etc.<\/p><\/td><\/tr><\/tbody><\/table><p>Algunas de nuestras p\u00e1ginas del sitio web muestran contenido de proveedores externos, como YouTube, Facebook, Twitter, LinkedIn, etc.<\/p><p>Para acceder a los contenidos de terceros, los usuarios deben aceptar previamente las condiciones que estos aplican (entre las que se incluyen sus pol\u00edticas de cookies, ajenas a nuestro control).<\/p><p>Si los usuarios optan por no acceder a esos contenidos, estas cookies de terceros no se instalan en sus dispositivos.<\/p><p>Proveedores externos de este sitio web:<\/p><p><a href=\"https:\/\/www.youtube.com\/t\/terms\">YouTube<\/a><\/p><p><a href=\"https:\/\/archive.org\/about\/terms.php\">Internet Archive<\/a><\/p><p><a href=\"https:\/\/www.google.com\/intl\/en_be\/help\/terms_maps\/\">Google Maps<\/a><\/p><p><a href=\"https:\/\/twitter.com\/en\/tos?wcmmode=disabled#intlTerms\">Twitter<\/a><\/p><p><a href=\"https:\/\/vimeo.com\/terms\">Vimeo<\/a><\/p><p><a href=\"https:\/\/www.microsoft.com\/en\/servicesagreement\/\">Microsoft<\/a><\/p><p><a href=\"https:\/\/www.facebook.com\/legal\/terms\">Facebook<\/a><\/p><p><a href=\"https:\/\/policies.google.com\/terms?hl=en&amp;gl=be\">Google<\/a><\/p><p><a href=\"https:\/\/www.linkedin.com\/legal\/user-agreement\">LinkedIn<\/a><\/p><p><a href=\"https:\/\/livestream.com\/legal\/terms\">Livestream<\/a><\/p><p><a href=\"https:\/\/soundcloud.com\/pages\/privacy\">SoundCloud<\/a><\/p><table width=\"641\"><tbody><tr><td colspan=\"3\" width=\"641\"><p><strong>C\u00d3MO GESTIONAR LAS COOKIES DESDE EL NAVEGADOR<\/strong><\/p><\/td><\/tr><tr><td colspan=\"2\" width=\"192\"><p><strong>Eliminar las cookies del dispositivo<\/strong><\/p><\/td><td width=\"449\"><p>Las cookies que ya est\u00e1n en un dispositivo se pueden eliminar borrando el historial del navegador, con lo que se suprimen las cookies de todos los sitios web visitados.<\/p><p>Sin embargo, tambi\u00e9n se puede perder parte de la informaci\u00f3n guardada (por ejemplo, los datos de inicio de sesi\u00f3n o las preferencias de sitio web).<\/p><\/td><\/tr><tr><td colspan=\"2\" width=\"192\"><p><strong>Gestionar las cookies espec\u00edficas del sitio<\/strong><\/p><\/td><td width=\"449\"><p>Para tener un control m\u00e1s preciso de las cookies espec\u00edficas de cada sitio, los usuarios pueden ajustar su configuraci\u00f3n de privacidad y cookies en el navegador.<\/p><\/td><\/tr><tr><td colspan=\"2\" width=\"192\"><p><strong>Bloquear las cookies<\/strong><\/p><\/td><td width=\"449\"><p>Aunque la mayor\u00eda de los navegadores modernos se pueden configurar para evitar que se instalen cookies en los dispositivos, eso puede obligar al ajuste manual de determinadas preferencias cada vez que se visite un sitio o p\u00e1gina. Adem\u00e1s, algunos servicios y caracter\u00edsticas pueden no funcionar correctamente (por ejemplo, los inicios de sesi\u00f3n con perfil).<\/p><\/td><\/tr><tr><td colspan=\"3\" width=\"641\"><p><strong>C\u00d3MO ELIMINAR LAS COOKIES DE LOS NAVEGADORES M\u00c1S COMUNES<\/strong><\/p><\/td><\/tr><tr><td width=\"80\"><p><strong>Chrome<\/strong><\/p><\/td><td colspan=\"2\" width=\"562\"><p><a href=\"http:\/\/support.google.com\/chrome\/answer\/95647?hl=es\">http:\/\/support.google.com\/chrome\/answer\/95647?hl=es<\/a><\/p><\/td><\/tr><tr><td width=\"80\"><p><strong>Edge<\/strong><\/p><\/td><td colspan=\"2\" width=\"562\"><p><a href=\"https:\/\/support.microsoft.com\/es-es\/microsoft-edge\/eliminar-las-cookies-en-microsoft-edge-63947406-40ac-c3b8-57b9-2a946a29ae09\">https:\/\/support.microsoft.com\/es-es\/microsoft-edge\/eliminar-las-cookies-en-microsoft-edge-63947406-40ac-c3b8-57b9-2a946a29ae09<\/a><\/p><\/td><\/tr><tr><td width=\"80\"><p><strong>Explorer<\/strong><\/p><\/td><td colspan=\"2\" width=\"562\"><p><a href=\"https:\/\/support.microsoft.com\/es-es\/help\/278835\/how-to-delete-cookie-files-in-internet-explorer\">https:\/\/support.microsoft.com\/es-es\/help\/278835\/how-to-delete-cookie-files-in-internet-explorer<\/a><\/p><\/td><\/tr><tr><td width=\"80\"><p><strong>Firefox<\/strong><\/p><\/td><td colspan=\"2\" width=\"562\"><p><a href=\"https:\/\/www.mozilla.org\/es-ES\/privacy\/websites\/#cookies\">https:\/\/www.mozilla.org\/es-ES\/privacy\/websites\/#cookies<\/a><\/p><\/td><\/tr><tr><td width=\"80\"><p><strong>Safari<\/strong><\/p><\/td><td colspan=\"2\" width=\"562\"><p><a href=\"https:\/\/support.apple.com\/es-es\/guide\/safari\/sfri11471\/mac\">https:\/\/support.apple.com\/es-es\/guide\/safari\/sfri11471\/mac<\/a><\/p><\/td><\/tr><tr><td width=\"80\"><p><strong>Opera<\/strong><\/p><\/td><td colspan=\"2\" width=\"562\"><p><a href=\"https:\/\/help.opera.com\/en\/latest\/security-and-privacy\/#clearBrowsingData\">https:\/\/help.opera.com\/en\/latest\/security-and-privacy\/#clearBrowsingData<\/a><\/p><\/td><\/tr><tr><td width=\"80\">\u00a0<\/td><td width=\"113\">\u00a0<\/td><td width=\"449\">\u00a0<\/td><\/tr><\/tbody><\/table><p>\u00a0<\/p>\t\t\t\t\t\t\t\t<\/div>\n\t\t\t\t\t<\/div>\n\t\t<\/div>\n\t\t\t\t\t<\/div>\n\t\t<\/section>\n\t\t\t\t<\/div>","protected":false},"excerpt":{"rendered":"<p>Pol\u00edtica de Privacidad INFORMACI\u00d3N SOBRE COOKIES Conforme con la Ley 34\/2002, de 11 de julio, de servicios de la sociedad de la informaci\u00f3n y de comercio electr\u00f3nico (LSSI), en relaci\u00f3n con el Reglamento (UE) 2016\/679 del Parlamento Europeo y del Consejo, de 27 de abril de 2016, General de Protecci\u00f3n de Datos (GDPR) y la [&hellip;]<\/p>","protected":false},"author":1,"featured_media":0,"parent":0,"menu_order":0,"comment_status":"closed","ping_status":"closed","template":"","meta":{"footnotes":""},"class_list":["post-541","page","type-page","status-publish","hentry"],"yoast_head":"<!-- This site is optimized with the Yoast SEO plugin v26.0 - https:\/\/yoast.com\/wordpress\/plugins\/seo\/ -->\n<title>Pol\u00edtica de Cookies - ABENSAC SCA<\/title>\n<meta name=\"robots\" content=\"index, follow, max-snippet:-1, max-image-preview:large, max-video-preview:-1\" \/>\n<link rel=\"canonical\" href=\"https:\/\/abensac.es\/en\/politica-de-cookies\/\" \/>\n<meta property=\"og:locale\" content=\"en_GB\" \/>\n<meta property=\"og:type\" content=\"article\" \/>\n<meta property=\"og:title\" content=\"Pol\u00edtica de Cookies - ABENSAC SCA\" \/>\n<meta property=\"og:description\" content=\"Pol\u00edtica de Privacidad INFORMACI\u00d3N SOBRE COOKIES Conforme con la Ley 34\/2002, de 11 de julio, de servicios de la sociedad de la informaci\u00f3n y de comercio electr\u00f3nico (LSSI), en relaci\u00f3n con el Reglamento (UE) 2016\/679 del Parlamento Europeo y del Consejo, de 27 de abril de 2016, General de Protecci\u00f3n de Datos (GDPR) y la [&hellip;]\" \/>\n<meta property=\"og:url\" content=\"https:\/\/abensac.es\/en\/politica-de-cookies\/\" \/>\n<meta property=\"og:site_name\" content=\"ABENSAC SCA\" \/>\n<meta property=\"article:modified_time\" content=\"2025-09-29T22:25:14+00:00\" \/>\n<meta property=\"og:image\" content=\"https:\/\/abensac.es\/wp-content\/uploads\/2025\/09\/blog-banner.jpg\" \/>\n\t<meta property=\"og:image:width\" content=\"955\" \/>\n\t<meta property=\"og:image:height\" content=\"465\" \/>\n\t<meta property=\"og:image:type\" content=\"image\/jpeg\" \/>\n<meta name=\"twitter:card\" content=\"summary_large_image\" \/>\n<meta name=\"twitter:label1\" content=\"Estimated reading time\" \/>\n\t<meta name=\"twitter:data1\" content=\"6 minutes\" \/>\n<script type=\"application\/ld+json\" class=\"yoast-schema-graph\">{\"@context\":\"https:\/\/schema.org\",\"@graph\":[{\"@type\":\"WebPage\",\"@id\":\"https:\/\/abensac.es\/politica-de-cookies\/\",\"url\":\"https:\/\/abensac.es\/politica-de-cookies\/\",\"name\":\"Pol\u00edtica de Cookies - ABENSAC SCA\",\"isPartOf\":{\"@id\":\"https:\/\/abensac.es\/#website\"},\"primaryImageOfPage\":{\"@id\":\"https:\/\/abensac.es\/politica-de-cookies\/#primaryimage\"},\"image\":{\"@id\":\"https:\/\/abensac.es\/politica-de-cookies\/#primaryimage\"},\"thumbnailUrl\":\"https:\/\/abensac.es\/wp-content\/uploads\/2025\/09\/blog-banner.jpg\",\"datePublished\":\"2025-09-29T22:23:14+00:00\",\"dateModified\":\"2025-09-29T22:25:14+00:00\",\"breadcrumb\":{\"@id\":\"https:\/\/abensac.es\/politica-de-cookies\/#breadcrumb\"},\"inLanguage\":\"en-GB\",\"potentialAction\":[{\"@type\":\"ReadAction\",\"target\":[\"https:\/\/abensac.es\/politica-de-cookies\/\"]}]},{\"@type\":\"ImageObject\",\"inLanguage\":\"en-GB\",\"@id\":\"https:\/\/abensac.es\/politica-de-cookies\/#primaryimage\",\"url\":\"https:\/\/abensac.es\/wp-content\/uploads\/2025\/09\/blog-banner.jpg\",\"contentUrl\":\"https:\/\/abensac.es\/wp-content\/uploads\/2025\/09\/blog-banner.jpg\"},{\"@type\":\"BreadcrumbList\",\"@id\":\"https:\/\/abensac.es\/politica-de-cookies\/#breadcrumb\",\"itemListElement\":[{\"@type\":\"ListItem\",\"position\":1,\"name\":\"Portada\",\"item\":\"https:\/\/abensac.es\/\"},{\"@type\":\"ListItem\",\"position\":2,\"name\":\"Pol\u00edtica de Cookies\"}]},{\"@type\":\"WebSite\",\"@id\":\"https:\/\/abensac.es\/#website\",\"url\":\"https:\/\/abensac.es\/\",\"name\":\"ABENSAC SCA\",\"description\":\"\",\"potentialAction\":[{\"@type\":\"SearchAction\",\"target\":{\"@type\":\"EntryPoint\",\"urlTemplate\":\"https:\/\/abensac.es\/?s={search_term_string}\"},\"query-input\":{\"@type\":\"PropertyValueSpecification\",\"valueRequired\":true,\"valueName\":\"search_term_string\"}}],\"inLanguage\":\"en-GB\"}]}<\/script>\n<!-- \/ Yoast SEO plugin. -->","yoast_head_json":{"title":"Pol\u00edtica de Cookies - ABENSAC SCA","robots":{"index":"index","follow":"follow","max-snippet":"max-snippet:-1","max-image-preview":"max-image-preview:large","max-video-preview":"max-video-preview:-1"},"canonical":"https:\/\/abensac.es\/en\/politica-de-cookies\/","og_locale":"en_GB","og_type":"article","og_title":"Pol\u00edtica de Cookies - ABENSAC SCA","og_description":"Pol\u00edtica de Privacidad INFORMACI\u00d3N SOBRE COOKIES Conforme con la Ley 34\/2002, de 11 de julio, de servicios de la sociedad de la informaci\u00f3n y de comercio electr\u00f3nico (LSSI), en relaci\u00f3n con el Reglamento (UE) 2016\/679 del Parlamento Europeo y del Consejo, de 27 de abril de 2016, General de Protecci\u00f3n de Datos (GDPR) y la [&hellip;]","og_url":"https:\/\/abensac.es\/en\/politica-de-cookies\/","og_site_name":"ABENSAC SCA","article_modified_time":"2025-09-29T22:25:14+00:00","og_image":[{"width":955,"height":465,"url":"https:\/\/abensac.es\/wp-content\/uploads\/2025\/09\/blog-banner.jpg","type":"image\/jpeg"}],"twitter_card":"summary_large_image","twitter_misc":{"Estimated reading time":"6 minutes"},"schema":{"@context":"https:\/\/schema.org","@graph":[{"@type":"WebPage","@id":"https:\/\/abensac.es\/politica-de-cookies\/","url":"https:\/\/abensac.es\/politica-de-cookies\/","name":"Pol\u00edtica de Cookies - ABENSAC SCA","isPartOf":{"@id":"https:\/\/abensac.es\/#website"},"primaryImageOfPage":{"@id":"https:\/\/abensac.es\/politica-de-cookies\/#primaryimage"},"image":{"@id":"https:\/\/abensac.es\/politica-de-cookies\/#primaryimage"},"thumbnailUrl":"https:\/\/abensac.es\/wp-content\/uploads\/2025\/09\/blog-banner.jpg","datePublished":"2025-09-29T22:23:14+00:00","dateModified":"2025-09-29T22:25:14+00:00","breadcrumb":{"@id":"https:\/\/abensac.es\/politica-de-cookies\/#breadcrumb"},"inLanguage":"en-GB","potentialAction":[{"@type":"ReadAction","target":["https:\/\/abensac.es\/politica-de-cookies\/"]}]},{"@type":"ImageObject","inLanguage":"en-GB","@id":"https:\/\/abensac.es\/politica-de-cookies\/#primaryimage","url":"https:\/\/abensac.es\/wp-content\/uploads\/2025\/09\/blog-banner.jpg","contentUrl":"https:\/\/abensac.es\/wp-content\/uploads\/2025\/09\/blog-banner.jpg"},{"@type":"BreadcrumbList","@id":"https:\/\/abensac.es\/politica-de-cookies\/#breadcrumb","itemListElement":[{"@type":"ListItem","position":1,"name":"Portada","item":"https:\/\/abensac.es\/"},{"@type":"ListItem","position":2,"name":"Pol\u00edtica de Cookies"}]},{"@type":"WebSite","@id":"https:\/\/abensac.es\/#website","url":"https:\/\/abensac.es\/","name":"ABENSAC SCA","description":"","potentialAction":[{"@type":"SearchAction","target":{"@type":"EntryPoint","urlTemplate":"https:\/\/abensac.es\/?s={search_term_string}"},"query-input":{"@type":"PropertyValueSpecification","valueRequired":true,"valueName":"search_term_string"}}],"inLanguage":"en-GB"}]}},"_links":{"self":[{"href":"https:\/\/abensac.es\/en\/wp-json\/wp\/v2\/pages\/541","targetHints":{"allow":["GET"]}}],"collection":[{"href":"https:\/\/abensac.es\/en\/wp-json\/wp\/v2\/pages"}],"about":[{"href":"https:\/\/abensac.es\/en\/wp-json\/wp\/v2\/types\/page"}],"author":[{"embeddable":true,"href":"https:\/\/abensac.es\/en\/wp-json\/wp\/v2\/users\/1"}],"replies":[{"embeddable":true,"href":"https:\/\/abensac.es\/en\/wp-json\/wp\/v2\/comments?post=541"}],"version-history":[{"count":4,"href":"https:\/\/abensac.es\/en\/wp-json\/wp\/v2\/pages\/541\/revisions"}],"predecessor-version":[{"id":546,"href":"https:\/\/abensac.es\/en\/wp-json\/wp\/v2\/pages\/541\/revisions\/546"}],"wp:attachment":[{"href":"https:\/\/abensac.es\/en\/wp-json\/wp\/v2\/media?parent=541"}],"curies":[{"name":"wp","href":"https:\/\/api.w.org\/{rel}","templated":true}]}}