{"id":215,"date":"2025-09-29T10:51:04","date_gmt":"2025-09-29T08:51:04","guid":{"rendered":"https:\/\/abensac.es\/?page_id=215"},"modified":"2026-03-27T10:57:40","modified_gmt":"2026-03-27T09:57:40","slug":"contacto","status":"publish","type":"page","link":"https:\/\/abensac.es\/en\/contacto\/","title":{"rendered":"Contact Us"},"content":{"rendered":"<div data-elementor-type=\"wp-page\" data-elementor-id=\"215\" class=\"elementor elementor-215\" data-elementor-post-type=\"page\">\n\t\t\t\t\t\t<section class=\"elementor-section elementor-top-section elementor-element elementor-element-0a7543f elementor-section-full_width elementor-section-height-default elementor-section-height-default\" data-id=\"0a7543f\" data-element_type=\"section\" data-settings=\"{&quot;background_background&quot;:&quot;classic&quot;}\">\n\t\t\t\t\t\t<div class=\"elementor-container elementor-column-gap-default\">\n\t\t\t\t\t<div class=\"elementor-column elementor-col-50 elementor-top-column elementor-element elementor-element-88111df\" data-id=\"88111df\" data-element_type=\"column\" data-settings=\"{&quot;background_background&quot;:&quot;classic&quot;}\">\n\t\t\t<div class=\"elementor-widget-wrap elementor-element-populated\">\n\t\t\t\t\t\t<div class=\"elementor-element elementor-element-dc3a36b elementor-widget elementor-widget-heading\" data-id=\"dc3a36b\" data-element_type=\"widget\" data-widget_type=\"heading.default\">\n\t\t\t\t\t<h1 class=\"elementor-heading-title elementor-size-default\">CONTACT US<\/h1>\t\t\t\t<\/div>\n\t\t\t\t<div class=\"elementor-element elementor-element-866a73a elementor-widget elementor-widget-heading\" data-id=\"866a73a\" data-element_type=\"widget\" data-widget_type=\"heading.default\">\n\t\t\t\t\t<h1 class=\"elementor-heading-title elementor-size-default\">We are here\nfor you<\/h1>\t\t\t\t<\/div>\n\t\t\t\t<div class=\"elementor-element elementor-element-efb2f96 elementor-widget__width-initial elementor-widget elementor-widget-text-editor\" data-id=\"efb2f96\" data-element_type=\"widget\" data-widget_type=\"text-editor.default\">\n\t\t\t\t\t\t\t\t\t<article class=\"text-token-text-primary w-full focus:outline-none scroll-mt-(--header-height)\" dir=\"auto\" tabindex=\"-1\" data-turn-id=\"d25826bb-66e1-427e-a5fd-84a4832300ed\" data-testid=\"conversation-turn-45\" data-scroll-anchor=\"false\" data-turn=\"user\"><div class=\"text-base my-auto mx-auto pt-12 [--thread-content-margin:--spacing(4)] thread-sm:[--thread-content-margin:--spacing(6)] thread-lg:[--thread-content-margin:--spacing(16)] px-(--thread-content-margin)\"><div class=\"[--thread-content-max-width:40rem] thread-lg:[--thread-content-max-width:48rem] mx-auto max-w-(--thread-content-max-width) flex-1 group\/turn-messages focus-visible:outline-hidden relative flex w-full min-w-0 flex-col\" tabindex=\"-1\"><div class=\"flex max-w-full flex-col grow\"><div class=\"min-h-8 text-message relative flex w-full flex-col items-end gap-2 text-start break-words whitespace-normal [.text-message+&amp;]:mt-5\" dir=\"auto\" data-message-author-role=\"user\" data-message-id=\"d25826bb-66e1-427e-a5fd-84a4832300ed\"><div class=\"flex w-full flex-col gap-1 empty:hidden items-end rtl:items-start\"><div class=\"user-message-bubble-color relative rounded-[18px] px-4 py-1.5 data-[multiline]:py-3 max-w-[var(--user-chat-width,70%)]\" data-multiline=\"\"><div class=\"whitespace-pre-wrap\">Write to us to see how we can answer your questions.<\/div><\/div><\/div><\/div><\/div><\/div><\/div><\/article>\t\t\t\t\t\t\t\t<\/div>\n\t\t\t\t\t<\/div>\n\t\t<\/div>\n\t\t\t\t<div class=\"elementor-column elementor-col-50 elementor-top-column elementor-element elementor-element-33f044b\" data-id=\"33f044b\" data-element_type=\"column\">\n\t\t\t<div class=\"elementor-widget-wrap elementor-element-populated\">\n\t\t\t\t\t\t<div class=\"elementor-element elementor-element-c558cc3 elementor-widget elementor-widget-image\" data-id=\"c558cc3\" data-element_type=\"widget\" data-widget_type=\"image.default\">\n\t\t\t\t\t\t\t\t\t\t\t\t\t\t\t<img fetchpriority=\"high\" decoding=\"async\" width=\"800\" height=\"681\" src=\"https:\/\/abensac.es\/wp-content\/uploads\/2025\/09\/somos-abensac-portada.jpg\" class=\"attachment-large size-large wp-image-177\" alt=\"Fotograf\u00eda de cocina Profesional en Abensac\" srcset=\"https:\/\/abensac.es\/wp-content\/uploads\/2025\/09\/somos-abensac-portada.jpg 955w, https:\/\/abensac.es\/wp-content\/uploads\/2025\/09\/somos-abensac-portada-300x255.jpg 300w, https:\/\/abensac.es\/wp-content\/uploads\/2025\/09\/somos-abensac-portada-768x654.jpg 768w\" sizes=\"(max-width: 800px) 100vw, 800px\" \/>\t\t\t\t\t\t\t\t\t\t\t\t\t\t\t<\/div>\n\t\t\t\t\t<\/div>\n\t\t<\/div>\n\t\t\t\t\t<\/div>\n\t\t<\/section>\n\t\t\t\t<section class=\"elementor-section elementor-top-section elementor-element elementor-element-f84813e elementor-section-full_width elementor-section-height-default elementor-section-height-default\" data-id=\"f84813e\" data-element_type=\"section\">\n\t\t\t\t\t\t<div class=\"elementor-container elementor-column-gap-default\">\n\t\t\t\t\t<div class=\"elementor-column elementor-col-33 elementor-top-column elementor-element elementor-element-eb49fde elementor-hidden-mobile\" data-id=\"eb49fde\" data-element_type=\"column\">\n\t\t\t<div class=\"elementor-widget-wrap elementor-element-populated\">\n\t\t\t\t\t\t<div class=\"elementor-element elementor-element-790a7ed elementor-widget elementor-widget-image\" data-id=\"790a7ed\" data-element_type=\"widget\" data-widget_type=\"image.default\">\n\t\t\t\t\t\t\t\t\t\t\t\t\t\t\t<img decoding=\"async\" width=\"753\" height=\"1024\" src=\"https:\/\/abensac.es\/wp-content\/uploads\/2025\/09\/cocinera-abensac-753x1024.png\" class=\"attachment-large size-large wp-image-227\" alt=\"\" srcset=\"https:\/\/abensac.es\/wp-content\/uploads\/2025\/09\/cocinera-abensac-753x1024.png 753w, https:\/\/abensac.es\/wp-content\/uploads\/2025\/09\/cocinera-abensac-221x300.png 221w, https:\/\/abensac.es\/wp-content\/uploads\/2025\/09\/cocinera-abensac-768x1044.png 768w, https:\/\/abensac.es\/wp-content\/uploads\/2025\/09\/cocinera-abensac.png 791w\" sizes=\"(max-width: 753px) 100vw, 753px\" \/>\t\t\t\t\t\t\t\t\t\t\t\t\t\t\t<\/div>\n\t\t\t\t\t<\/div>\n\t\t<\/div>\n\t\t\t\t<div class=\"elementor-column elementor-col-33 elementor-top-column elementor-element elementor-element-2aa7f77\" data-id=\"2aa7f77\" data-element_type=\"column\">\n\t\t\t<div class=\"elementor-widget-wrap elementor-element-populated\">\n\t\t\t\t\t\t<div class=\"elementor-element elementor-element-2098e4e elementor-widget elementor-widget-heading\" data-id=\"2098e4e\" data-element_type=\"widget\" data-widget_type=\"heading.default\">\n\t\t\t\t\t<h2 class=\"elementor-heading-title elementor-size-default\">Contact Abensac<\/h2>\t\t\t\t<\/div>\n\t\t\t\t<div class=\"elementor-element elementor-element-f08e13f elementor-button-align-end elementor-widget elementor-widget-form\" data-id=\"f08e13f\" data-element_type=\"widget\" data-settings=\"{&quot;step_next_label&quot;:&quot;Next&quot;,&quot;step_previous_label&quot;:&quot;Previous&quot;,&quot;button_width&quot;:&quot;100&quot;,&quot;step_type&quot;:&quot;number_text&quot;,&quot;step_icon_shape&quot;:&quot;circle&quot;}\" data-widget_type=\"form.default\">\n\t\t\t\t\t\t\t<form class=\"elementor-form\" method=\"post\" name=\"New Form\" aria-label=\"New Form\" action=\"\">\n\t\t\t<input type=\"hidden\" name=\"post_id\" value=\"215\"\/>\n\t\t\t<input type=\"hidden\" name=\"form_id\" value=\"f08e13f\"\/>\n\t\t\t<input type=\"hidden\" name=\"referer_title\" value=\"Contacto catering | Solicita presupuesto\" \/>\n\n\t\t\t\t\t\t\t<input type=\"hidden\" name=\"queried_id\" value=\"215\"\/>\n\t\t\t\n\t\t\t<div class=\"elementor-form-fields-wrapper elementor-labels-above\">\n\t\t\t\t\t\t\t\t<div class=\"elementor-field-type-text elementor-field-group elementor-column elementor-field-group-name elementor-col-50\">\n\t\t\t\t\t\t\t\t\t\t\t\t\t<input size=\"1\" type=\"text\" name=\"form_fields[name]\" id=\"form-field-name\" class=\"elementor-field elementor-size-sm  elementor-field-textual\" placeholder=\"Name*\">\n\t\t\t\t\t\t\t\t\t\t\t<\/div>\n\t\t\t\t\t\t\t\t<div class=\"elementor-field-type-email elementor-field-group elementor-column elementor-field-group-email elementor-col-50 elementor-field-required\">\n\t\t\t\t\t\t\t\t\t\t\t\t\t<input size=\"1\" type=\"email\" name=\"form_fields[email]\" id=\"form-field-email\" class=\"elementor-field elementor-size-sm  elementor-field-textual\" placeholder=\"Email*\" required=\"required\">\n\t\t\t\t\t\t\t\t\t\t\t<\/div>\n\t\t\t\t\t\t\t\t<div class=\"elementor-field-type-text elementor-field-group elementor-column elementor-field-group-field_28bbb7c elementor-col-50 elementor-field-required\">\n\t\t\t\t\t\t\t\t\t\t\t\t\t<input size=\"1\" type=\"text\" name=\"form_fields[field_28bbb7c]\" id=\"form-field-field_28bbb7c\" class=\"elementor-field elementor-size-sm  elementor-field-textual\" placeholder=\"Phone*\" required=\"required\">\n\t\t\t\t\t\t\t\t\t\t\t<\/div>\n\t\t\t\t\t\t\t\t<div class=\"elementor-field-type-text elementor-field-group elementor-column elementor-field-group-field_a5a1d18 elementor-col-50 elementor-field-required\">\n\t\t\t\t\t\t\t\t\t\t\t\t\t<input size=\"1\" type=\"text\" name=\"form_fields[field_a5a1d18]\" id=\"form-field-field_a5a1d18\" class=\"elementor-field elementor-size-sm  elementor-field-textual\" placeholder=\"Subject*\" required=\"required\">\n\t\t\t\t\t\t\t\t\t\t\t<\/div>\n\t\t\t\t\t\t\t\t<div class=\"elementor-field-type-textarea elementor-field-group elementor-column elementor-field-group-message elementor-col-100 elementor-field-required\">\n\t\t\t\t\t<textarea class=\"elementor-field-textual elementor-field  elementor-size-sm\" name=\"form_fields[message]\" id=\"form-field-message\" rows=\"4\" placeholder=\"How can we assist you?\" required=\"required\"><\/textarea>\t\t\t\t<\/div>\n\t\t\t\t\t\t\t\t<div class=\"elementor-field-type-acceptance elementor-field-group elementor-column elementor-field-group-field_2e3c234 elementor-col-100 elementor-field-required\">\n\t\t\t\t\t\t\t<div class=\"elementor-field-subgroup\">\n\t\t\t<span class=\"elementor-field-option\">\n\t\t\t\t<input type=\"checkbox\" name=\"form_fields[field_2e3c234]\" id=\"form-field-field_2e3c234\" class=\"elementor-field elementor-size-sm  elementor-acceptance-field\" required=\"required\">\n\t\t\t\t<label for=\"form-field-field_2e3c234\">I have read and accept the legal notice and privacy policy.<\/label>\t\t\t<\/span>\n\t\t<\/div>\n\t\t\t\t\t\t<\/div>\n\t\t\t\t\t\t\t\t<div class=\"elementor-field-group elementor-column elementor-field-type-submit elementor-col-100 e-form__buttons\">\n\t\t\t\t\t<button class=\"elementor-button elementor-size-sm\" type=\"submit\">\n\t\t\t\t\t\t<span class=\"elementor-button-content-wrapper\">\n\t\t\t\t\t\t\t\t\t\t\t\t\t\t\t\t\t\t\t\t\t\t<span class=\"elementor-button-text\">SEND<\/span>\n\t\t\t\t\t\t\t\t\t\t\t\t\t<\/span>\n\t\t\t\t\t<\/button>\n\t\t\t\t<\/div>\n\t\t\t<\/div>\n\t\t<input type=\"hidden\" name=\"trp-form-language\" value=\"en\"\/><\/form>\n\t\t\t\t\t\t<\/div>\n\t\t\t\t\t<\/div>\n\t\t<\/div>\n\t\t\t\t<div class=\"elementor-column elementor-col-33 elementor-top-column elementor-element elementor-element-04b095a elementor-hidden-mobile\" data-id=\"04b095a\" data-element_type=\"column\">\n\t\t\t<div class=\"elementor-widget-wrap elementor-element-populated\">\n\t\t\t\t\t\t<div class=\"elementor-element elementor-element-3c35f19 elementor-widget elementor-widget-image\" data-id=\"3c35f19\" data-element_type=\"widget\" data-widget_type=\"image.default\">\n\t\t\t\t\t\t\t\t\t\t\t\t\t\t\t<img decoding=\"async\" width=\"753\" height=\"1024\" src=\"https:\/\/abensac.es\/wp-content\/uploads\/2025\/09\/comiendo-abensac-753x1024.png\" class=\"attachment-large size-large wp-image-228\" alt=\"\" srcset=\"https:\/\/abensac.es\/wp-content\/uploads\/2025\/09\/comiendo-abensac-753x1024.png 753w, https:\/\/abensac.es\/wp-content\/uploads\/2025\/09\/comiendo-abensac-221x300.png 221w, https:\/\/abensac.es\/wp-content\/uploads\/2025\/09\/comiendo-abensac-768x1044.png 768w, https:\/\/abensac.es\/wp-content\/uploads\/2025\/09\/comiendo-abensac.png 791w\" sizes=\"(max-width: 753px) 100vw, 753px\" \/>\t\t\t\t\t\t\t\t\t\t\t\t\t\t\t<\/div>\n\t\t\t\t\t<\/div>\n\t\t<\/div>\n\t\t\t\t\t<\/div>\n\t\t<\/section>\n\t\t\t\t<section class=\"elementor-section elementor-top-section elementor-element elementor-element-64fc8e5 elementor-section-full_width elementor-section-height-default elementor-section-height-default\" data-id=\"64fc8e5\" data-element_type=\"section\" data-settings=\"{&quot;background_background&quot;:&quot;classic&quot;}\">\n\t\t\t\t\t\t<div class=\"elementor-container elementor-column-gap-default\">\n\t\t\t\t\t<div class=\"elementor-column elementor-col-100 elementor-top-column elementor-element elementor-element-d629d91\" data-id=\"d629d91\" data-element_type=\"column\" data-settings=\"{&quot;background_background&quot;:&quot;classic&quot;}\">\n\t\t\t<div class=\"elementor-widget-wrap elementor-element-populated\">\n\t\t\t\t\t\t<section class=\"elementor-section elementor-inner-section elementor-element elementor-element-c4fc4ce elementor-section-full_width elementor-section-height-default elementor-section-height-default\" data-id=\"c4fc4ce\" data-element_type=\"section\">\n\t\t\t\t\t\t<div class=\"elementor-container elementor-column-gap-default\">\n\t\t\t\t\t<div class=\"elementor-column elementor-col-50 elementor-inner-column elementor-element elementor-element-e9fbc3f\" data-id=\"e9fbc3f\" data-element_type=\"column\">\n\t\t\t<div class=\"elementor-widget-wrap elementor-element-populated\">\n\t\t\t\t\t\t<div class=\"elementor-element elementor-element-c4933a5 elementor-widget elementor-widget-heading\" data-id=\"c4933a5\" data-element_type=\"widget\" data-widget_type=\"heading.default\">\n\t\t\t\t\t<h2 class=\"elementor-heading-title elementor-size-default\">Or you can also contact us by calling 649 457 857<\/h2>\t\t\t\t<\/div>\n\t\t\t\t\t<\/div>\n\t\t<\/div>\n\t\t\t\t<div class=\"elementor-column elementor-col-50 elementor-inner-column elementor-element elementor-element-f1ecbd5\" data-id=\"f1ecbd5\" data-element_type=\"column\">\n\t\t\t<div class=\"elementor-widget-wrap elementor-element-populated\">\n\t\t\t\t\t\t<div class=\"elementor-element elementor-element-619f841 elementor-widget__width-initial elementor-widget elementor-widget-image\" data-id=\"619f841\" data-element_type=\"widget\" data-widget_type=\"image.default\">\n\t\t\t\t\t\t\t\t\t\t\t\t\t\t\t<img loading=\"lazy\" decoding=\"async\" width=\"800\" height=\"338\" src=\"https:\/\/abensac.es\/wp-content\/uploads\/2025\/09\/telefono-abensac-1024x433.jpg\" class=\"attachment-large size-large wp-image-222\" alt=\"Fotograf\u00eda de las cocinas de Abensac SCA\" srcset=\"https:\/\/abensac.es\/wp-content\/uploads\/2025\/09\/telefono-abensac-1024x433.jpg 1024w, https:\/\/abensac.es\/wp-content\/uploads\/2025\/09\/telefono-abensac-300x127.jpg 300w, https:\/\/abensac.es\/wp-content\/uploads\/2025\/09\/telefono-abensac-768x325.jpg 768w, https:\/\/abensac.es\/wp-content\/uploads\/2025\/09\/telefono-abensac.jpg 1157w\" sizes=\"(max-width: 800px) 100vw, 800px\" \/>\t\t\t\t\t\t\t\t\t\t\t\t\t\t\t<\/div>\n\t\t\t\t\t<\/div>\n\t\t<\/div>\n\t\t\t\t\t<\/div>\n\t\t<\/section>\n\t\t\t\t\t<\/div>\n\t\t<\/div>\n\t\t\t\t\t<\/div>\n\t\t<\/section>\n\t\t\t\t<\/div>","protected":false},"excerpt":{"rendered":"<p>CONTACTO Estamos aqu\u00ed para ti Escr\u00edbenos para ver c\u00f3mo podemos resolver tus dudas. Contacta con Abensac O tambi\u00e9n puedes ponerte en contacto con nosotros llamando al 649 457 857<\/p>","protected":false},"author":1,"featured_media":0,"parent":0,"menu_order":0,"comment_status":"closed","ping_status":"closed","template":"","meta":{"footnotes":""},"class_list":["post-215","page","type-page","status-publish","hentry"],"yoast_head":"<!-- This site is optimized with the Yoast SEO plugin v26.0 - https:\/\/yoast.com\/wordpress\/plugins\/seo\/ -->\n<title>Contacto catering | Solicita presupuesto<\/title>\n<meta name=\"description\" content=\"Contacta con nuestro servicio de catering y solicita tu presupuesto personalizado. Atenci\u00f3n r\u00e1pida, profesional y adaptada a tus necesidades.\" \/>\n<meta name=\"robots\" content=\"index, follow, max-snippet:-1, max-image-preview:large, max-video-preview:-1\" \/>\n<link rel=\"canonical\" href=\"https:\/\/abensac.es\/en\/contacto\/\" \/>\n<meta property=\"og:locale\" content=\"en_GB\" \/>\n<meta property=\"og:type\" content=\"article\" \/>\n<meta property=\"og:title\" content=\"Contacto catering | Solicita presupuesto\" \/>\n<meta property=\"og:description\" content=\"Contacta con nuestro servicio de catering y solicita tu presupuesto personalizado. Atenci\u00f3n r\u00e1pida, profesional y adaptada a tus necesidades.\" \/>\n<meta property=\"og:url\" content=\"https:\/\/abensac.es\/en\/contacto\/\" \/>\n<meta property=\"og:site_name\" content=\"ABENSAC SCA\" \/>\n<meta property=\"article:modified_time\" content=\"2026-03-27T09:57:40+00:00\" \/>\n<meta property=\"og:image\" content=\"https:\/\/abensac.es\/wp-content\/uploads\/2025\/09\/somos-abensac-portada.jpg\" \/>\n<meta name=\"twitter:card\" content=\"summary_large_image\" \/>\n<meta name=\"twitter:label1\" content=\"Estimated reading time\" \/>\n\t<meta name=\"twitter:data1\" content=\"1 minute\" \/>\n<script type=\"application\/ld+json\" class=\"yoast-schema-graph\">{\"@context\":\"https:\/\/schema.org\",\"@graph\":[{\"@type\":\"WebPage\",\"@id\":\"https:\/\/abensac.es\/contacto\/\",\"url\":\"https:\/\/abensac.es\/contacto\/\",\"name\":\"Contacto catering | Solicita presupuesto\",\"isPartOf\":{\"@id\":\"https:\/\/abensac.es\/#website\"},\"primaryImageOfPage\":{\"@id\":\"https:\/\/abensac.es\/contacto\/#primaryimage\"},\"image\":{\"@id\":\"https:\/\/abensac.es\/contacto\/#primaryimage\"},\"thumbnailUrl\":\"https:\/\/abensac.es\/wp-content\/uploads\/2025\/09\/somos-abensac-portada.jpg\",\"datePublished\":\"2025-09-29T08:51:04+00:00\",\"dateModified\":\"2026-03-27T09:57:40+00:00\",\"description\":\"Contacta con nuestro servicio de catering y solicita tu presupuesto personalizado. Atenci\u00f3n r\u00e1pida, profesional y adaptada a tus necesidades.\",\"breadcrumb\":{\"@id\":\"https:\/\/abensac.es\/contacto\/#breadcrumb\"},\"inLanguage\":\"en-GB\",\"potentialAction\":[{\"@type\":\"ReadAction\",\"target\":[\"https:\/\/abensac.es\/contacto\/\"]}]},{\"@type\":\"ImageObject\",\"inLanguage\":\"en-GB\",\"@id\":\"https:\/\/abensac.es\/contacto\/#primaryimage\",\"url\":\"https:\/\/abensac.es\/wp-content\/uploads\/2025\/09\/somos-abensac-portada.jpg\",\"contentUrl\":\"https:\/\/abensac.es\/wp-content\/uploads\/2025\/09\/somos-abensac-portada.jpg\"},{\"@type\":\"BreadcrumbList\",\"@id\":\"https:\/\/abensac.es\/contacto\/#breadcrumb\",\"itemListElement\":[{\"@type\":\"ListItem\",\"position\":1,\"name\":\"Portada\",\"item\":\"https:\/\/abensac.es\/\"},{\"@type\":\"ListItem\",\"position\":2,\"name\":\"Contacto\"}]},{\"@type\":\"WebSite\",\"@id\":\"https:\/\/abensac.es\/#website\",\"url\":\"https:\/\/abensac.es\/\",\"name\":\"ABENSAC SCA\",\"description\":\"\",\"potentialAction\":[{\"@type\":\"SearchAction\",\"target\":{\"@type\":\"EntryPoint\",\"urlTemplate\":\"https:\/\/abensac.es\/?s={search_term_string}\"},\"query-input\":{\"@type\":\"PropertyValueSpecification\",\"valueRequired\":true,\"valueName\":\"search_term_string\"}}],\"inLanguage\":\"en-GB\"}]}<\/script>\n<!-- \/ Yoast SEO plugin. -->","yoast_head_json":{"title":"Contacto catering | Solicita presupuesto","description":"Contacta con nuestro servicio de catering y solicita tu presupuesto personalizado. Atenci\u00f3n r\u00e1pida, profesional y adaptada a tus necesidades.","robots":{"index":"index","follow":"follow","max-snippet":"max-snippet:-1","max-image-preview":"max-image-preview:large","max-video-preview":"max-video-preview:-1"},"canonical":"https:\/\/abensac.es\/en\/contacto\/","og_locale":"en_GB","og_type":"article","og_title":"Contacto catering | Solicita presupuesto","og_description":"Contacta con nuestro servicio de catering y solicita tu presupuesto personalizado. Atenci\u00f3n r\u00e1pida, profesional y adaptada a tus necesidades.","og_url":"https:\/\/abensac.es\/en\/contacto\/","og_site_name":"ABENSAC SCA","article_modified_time":"2026-03-27T09:57:40+00:00","og_image":[{"url":"https:\/\/abensac.es\/wp-content\/uploads\/2025\/09\/somos-abensac-portada.jpg","type":"","width":"","height":""}],"twitter_card":"summary_large_image","twitter_misc":{"Estimated reading time":"1 minute"},"schema":{"@context":"https:\/\/schema.org","@graph":[{"@type":"WebPage","@id":"https:\/\/abensac.es\/contacto\/","url":"https:\/\/abensac.es\/contacto\/","name":"Contacto catering | Solicita presupuesto","isPartOf":{"@id":"https:\/\/abensac.es\/#website"},"primaryImageOfPage":{"@id":"https:\/\/abensac.es\/contacto\/#primaryimage"},"image":{"@id":"https:\/\/abensac.es\/contacto\/#primaryimage"},"thumbnailUrl":"https:\/\/abensac.es\/wp-content\/uploads\/2025\/09\/somos-abensac-portada.jpg","datePublished":"2025-09-29T08:51:04+00:00","dateModified":"2026-03-27T09:57:40+00:00","description":"Contacta con nuestro servicio de catering y solicita tu presupuesto personalizado. Atenci\u00f3n r\u00e1pida, profesional y adaptada a tus necesidades.","breadcrumb":{"@id":"https:\/\/abensac.es\/contacto\/#breadcrumb"},"inLanguage":"en-GB","potentialAction":[{"@type":"ReadAction","target":["https:\/\/abensac.es\/contacto\/"]}]},{"@type":"ImageObject","inLanguage":"en-GB","@id":"https:\/\/abensac.es\/contacto\/#primaryimage","url":"https:\/\/abensac.es\/wp-content\/uploads\/2025\/09\/somos-abensac-portada.jpg","contentUrl":"https:\/\/abensac.es\/wp-content\/uploads\/2025\/09\/somos-abensac-portada.jpg"},{"@type":"BreadcrumbList","@id":"https:\/\/abensac.es\/contacto\/#breadcrumb","itemListElement":[{"@type":"ListItem","position":1,"name":"Portada","item":"https:\/\/abensac.es\/"},{"@type":"ListItem","position":2,"name":"Contacto"}]},{"@type":"WebSite","@id":"https:\/\/abensac.es\/#website","url":"https:\/\/abensac.es\/","name":"ABENSAC SCA","description":"","potentialAction":[{"@type":"SearchAction","target":{"@type":"EntryPoint","urlTemplate":"https:\/\/abensac.es\/?s={search_term_string}"},"query-input":{"@type":"PropertyValueSpecification","valueRequired":true,"valueName":"search_term_string"}}],"inLanguage":"en-GB"}]}},"_links":{"self":[{"href":"https:\/\/abensac.es\/en\/wp-json\/wp\/v2\/pages\/215","targetHints":{"allow":["GET"]}}],"collection":[{"href":"https:\/\/abensac.es\/en\/wp-json\/wp\/v2\/pages"}],"about":[{"href":"https:\/\/abensac.es\/en\/wp-json\/wp\/v2\/types\/page"}],"author":[{"embeddable":true,"href":"https:\/\/abensac.es\/en\/wp-json\/wp\/v2\/users\/1"}],"replies":[{"embeddable":true,"href":"https:\/\/abensac.es\/en\/wp-json\/wp\/v2\/comments?post=215"}],"version-history":[{"count":38,"href":"https:\/\/abensac.es\/en\/wp-json\/wp\/v2\/pages\/215\/revisions"}],"predecessor-version":[{"id":620,"href":"https:\/\/abensac.es\/en\/wp-json\/wp\/v2\/pages\/215\/revisions\/620"}],"wp:attachment":[{"href":"https:\/\/abensac.es\/en\/wp-json\/wp\/v2\/media?parent=215"}],"curies":[{"name":"wp","href":"https:\/\/api.w.org\/{rel}","templated":true}]}}